{"id":2872,"date":"2023-05-15T11:29:52","date_gmt":"2023-05-15T16:29:52","guid":{"rendered":"https:\/\/quinorsrl.com\/web\/?post_type=product&#038;p=2872"},"modified":"2026-02-13T07:30:39","modified_gmt":"2026-02-13T12:30:39","slug":"acido-sulfurico-tecnico","status":"publish","type":"product","link":"https:\/\/quinorsrl.com\/web\/product\/acido-sulfurico-tecnico\/","title":{"rendered":"\u00c1cido sulf\u00farico t\u00e9cnico"},"content":{"rendered":"<p><a href=\"https:\/\/drive.google.com\/file\/d\/1Fqjd35Ygkv8ZlI-jdhBY_A_H9CfEVWPX\/view?usp=share_link\" target=\"_blank\" rel=\"noopener\">Ficha T\u00e9cnica<\/a><\/p>\n<p><a href=\"https:\/\/drive.google.com\/file\/d\/15twVwSGNUIh_QutSKalWt9U7ZOCshSnd\/view?usp=share_link\" target=\"_blank\" rel=\"noopener\">Hoja de Seguridad<\/a><\/p>\n","protected":false},"excerpt":{"rendered":"<p>Ficha T\u00e9cnica Hoja de Seguridad<\/p>\n","protected":false},"featured_media":3025,"comment_status":"open","ping_status":"closed","template":"","meta":{"site-sidebar-layout":"default","site-content-layout":"default","ast-global-header-display":"","ast-main-header-display":"","ast-hfb-above-header-display":"","ast-hfb-below-header-display":"","ast-hfb-mobile-header-display":"","site-post-title":"","ast-breadcrumbs-content":"","ast-featured-img":"","footer-sml-layout":"","theme-transparent-header-meta":"default","adv-header-id-meta":"","stick-header-meta":"","header-above-stick-meta":"","header-main-stick-meta":"","header-below-stick-meta":""},"product_cat":[23],"product_tag":[],"class_list":["post-2872","product","type-product","status-publish","has-post-thumbnail","hentry","product_cat-iqbf","desktop-align-left","tablet-align-left","mobile-align-left"],"_links":{"self":[{"href":"https:\/\/quinorsrl.com\/web\/wp-json\/wp\/v2\/product\/2872","targetHints":{"allow":["GET"]}}],"collection":[{"href":"https:\/\/quinorsrl.com\/web\/wp-json\/wp\/v2\/product"}],"about":[{"href":"https:\/\/quinorsrl.com\/web\/wp-json\/wp\/v2\/types\/product"}],"replies":[{"embeddable":true,"href":"https:\/\/quinorsrl.com\/web\/wp-json\/wp\/v2\/comments?post=2872"}],"wp:featuredmedia":[{"embeddable":true,"href":"https:\/\/quinorsrl.com\/web\/wp-json\/wp\/v2\/media\/3025"}],"wp:attachment":[{"href":"https:\/\/quinorsrl.com\/web\/wp-json\/wp\/v2\/media?parent=2872"}],"wp:term":[{"taxonomy":"product_cat","embeddable":true,"href":"https:\/\/quinorsrl.com\/web\/wp-json\/wp\/v2\/product_cat?post=2872"},{"taxonomy":"product_tag","embeddable":true,"href":"https:\/\/quinorsrl.com\/web\/wp-json\/wp\/v2\/product_tag?post=2872"}],"curies":[{"name":"wp","href":"https:\/\/api.w.org\/{rel}","templated":true}]}}